{"id":415,"date":"2024-02-06T08:59:32","date_gmt":"2024-02-06T08:59:32","guid":{"rendered":"https:\/\/orgentis.com\/produkte"},"modified":"2024-09-18T09:02:44","modified_gmt":"2024-09-18T09:02:44","slug":"produkte","status":"publish","type":"page","link":"https:\/\/orgentis.com\/de\/produkte","title":{"rendered":"Produkte"},"content":{"rendered":"<p><div class=\"fusion-fullwidth fullwidth-box fusion-builder-row-1 fusion-flex-container has-pattern-background has-mask-background hundred-percent-fullwidth non-hundred-percent-height-scrolling\" style=\"--awb-border-radius-top-left:0px;--awb-border-radius-top-right:0px;--awb-border-radius-bottom-right:0px;--awb-border-radius-bottom-left:0px;--awb-padding-right:0.75rem;--awb-padding-left:0.75rem;--awb-margin-top:140px;--awb-flex-wrap:wrap;\" ><div class=\"fusion-builder-row fusion-row fusion-flex-align-items-flex-start fusion-flex-content-wrap\" style=\"width:104% !important;max-width:104% !important;margin-left: calc(-4% \/ 2 );margin-right: calc(-4% \/ 2 );\"><div class=\"fusion-layout-column fusion_builder_column fusion-builder-column-0 fusion_builder_column_1_1 1_1 fusion-flex-column\" style=\"--awb-bg-size:cover;--awb-width-large:100%;--awb-margin-top-large:0px;--awb-spacing-right-large:1.92%;--awb-margin-bottom-large:20px;--awb-spacing-left-large:1.92%;--awb-width-medium:100%;--awb-order-medium:0;--awb-spacing-right-medium:1.92%;--awb-spacing-left-medium:1.92%;--awb-width-small:100%;--awb-order-small:0;--awb-spacing-right-small:1.92%;--awb-spacing-left-small:1.92%;\"><div class=\"fusion-column-wrapper fusion-column-has-shadow fusion-flex-justify-content-flex-start fusion-content-layout-column\"><div class=\"fusion-text fusion-text-1 responsive--headline--mobile responsive--headline--desktop\" style=\"--awb-font-size:60px;--awb-text-color:var(--awb-color3);--awb-text-font-family:&quot;HelsinkiWeb-Thin&quot;;--awb-text-font-style:normal;--awb-text-font-weight:400;\"><h1>Produkte<\/h1>\n<\/div><\/div><\/div><div class=\"fusion-layout-column fusion_builder_column fusion-builder-column-1 fusion_builder_column_1_1 1_1 fusion-flex-column\" style=\"--awb-bg-blend:overlay;--awb-bg-size:cover;--awb-width-large:100%;--awb-margin-top-large:0px;--awb-spacing-right-large:1.92%;--awb-margin-bottom-large:0px;--awb-spacing-left-large:1.92%;--awb-width-medium:100%;--awb-spacing-right-medium:1.92%;--awb-spacing-left-medium:1.92%;--awb-width-small:100%;--awb-spacing-right-small:1.92%;--awb-spacing-left-small:1.92%;\"><div class=\"fusion-column-wrapper fusion-flex-justify-content-flex-start fusion-content-layout-column\"><div class=\"fusion-image-element \" style=\"text-align:right;--awb-margin-top:-70px;--awb-margin-right:50px;--awb-margin-bottom:-70px;--awb-margin-right-small:10px;--awb-caption-title-font-family:var(--h2_typography-font-family);--awb-caption-title-font-weight:var(--h2_typography-font-weight);--awb-caption-title-font-style:var(--h2_typography-font-style);--awb-caption-title-size:var(--h2_typography-font-size);--awb-caption-title-transform:var(--h2_typography-text-transform);--awb-caption-title-line-height:var(--h2_typography-line-height);--awb-caption-title-letter-spacing:var(--h2_typography-letter-spacing);\"><span class=\" fusion-imageframe imageframe-none imageframe-1 hover-type-none z1000\" id=\"seal--size\"><img decoding=\"async\" width=\"119\" height=\"138\" alt=\"ISO 9001:2015 Certified\" title=\"Gruppe 25\" src=\"https:\/\/orgentis.com\/wp-content\/uploads\/2024\/02\/Gruppe-25.png\" class=\"img-responsive wp-image-220\"\/><\/span><\/div><div class=\"fusion-image-element fusion-no-small-visibility fusion-no-medium-visibility\" style=\"--awb-aspect-ratio: 100 \/ 50;--awb-object-position:47% 44%;--awb-margin-bottom:20px;--awb-caption-title-font-family:var(--h2_typography-font-family);--awb-caption-title-font-weight:var(--h2_typography-font-weight);--awb-caption-title-font-style:var(--h2_typography-font-style);--awb-caption-title-size:var(--h2_typography-font-size);--awb-caption-title-transform:var(--h2_typography-text-transform);--awb-caption-title-line-height:var(--h2_typography-line-height);--awb-caption-title-letter-spacing:var(--h2_typography-letter-spacing);\"><span class=\" fusion-imageframe imageframe-none imageframe-2 hover-type-none has-aspect-ratio width--100 z999 image--upper--bottom--border\"><img decoding=\"async\" width=\"2560\" height=\"1280\" title=\"orgentis-photo-index\" src=\"https:\/\/orgentis.com\/wp-content\/uploads\/2024\/09\/orgentis-photo-index-scaled.jpg\" class=\"img-responsive wp-image-2889 img-with-aspect-ratio\" alt srcset=\"https:\/\/orgentis.com\/wp-content\/uploads\/2024\/09\/orgentis-photo-index-200x100.jpg 200w, https:\/\/orgentis.com\/wp-content\/uploads\/2024\/09\/orgentis-photo-index-400x200.jpg 400w, https:\/\/orgentis.com\/wp-content\/uploads\/2024\/09\/orgentis-photo-index-600x300.jpg 600w, https:\/\/orgentis.com\/wp-content\/uploads\/2024\/09\/orgentis-photo-index-800x400.jpg 800w, https:\/\/orgentis.com\/wp-content\/uploads\/2024\/09\/orgentis-photo-index-1200x600.jpg 1200w, https:\/\/orgentis.com\/wp-content\/uploads\/2024\/09\/orgentis-photo-index-scaled.jpg 2560w\" sizes=\"(max-width: 1024px) 100vw, 1200px\" \/><\/span><\/div><div class=\"fusion-image-element fusion-no-large-visibility\" style=\"--awb-aspect-ratio: 100 \/ 90;--awb-object-position:50% 50%;--awb-margin-bottom:20px;--awb-caption-title-font-family:var(--h2_typography-font-family);--awb-caption-title-font-weight:var(--h2_typography-font-weight);--awb-caption-title-font-style:var(--h2_typography-font-style);--awb-caption-title-size:var(--h2_typography-font-size);--awb-caption-title-transform:var(--h2_typography-text-transform);--awb-caption-title-line-height:var(--h2_typography-line-height);--awb-caption-title-letter-spacing:var(--h2_typography-letter-spacing);\"><span class=\" fusion-imageframe imageframe-none imageframe-3 hover-type-none has-aspect-ratio width--100 z999 image--upper--bottom--border\"><img decoding=\"async\" width=\"2560\" height=\"1280\" title=\"orgentis-photo-index\" src=\"https:\/\/orgentis.com\/wp-content\/uploads\/2024\/09\/orgentis-photo-index-scaled.jpg\" class=\"img-responsive wp-image-2889 img-with-aspect-ratio\" alt srcset=\"https:\/\/orgentis.com\/wp-content\/uploads\/2024\/09\/orgentis-photo-index-200x100.jpg 200w, https:\/\/orgentis.com\/wp-content\/uploads\/2024\/09\/orgentis-photo-index-400x200.jpg 400w, https:\/\/orgentis.com\/wp-content\/uploads\/2024\/09\/orgentis-photo-index-600x300.jpg 600w, https:\/\/orgentis.com\/wp-content\/uploads\/2024\/09\/orgentis-photo-index-800x400.jpg 800w, https:\/\/orgentis.com\/wp-content\/uploads\/2024\/09\/orgentis-photo-index-1200x600.jpg 1200w, https:\/\/orgentis.com\/wp-content\/uploads\/2024\/09\/orgentis-photo-index-scaled.jpg 2560w\" sizes=\"(max-width: 1024px) 100vw, 1200px\" \/><\/span><\/div><div class=\"fusion-builder-row fusion-builder-row-inner fusion-row fusion-flex-align-items-flex-start fusion-flex-content-wrap\" style=\"width:104% !important;max-width:104% !important;margin-left: calc(-4% \/ 2 );margin-right: calc(-4% \/ 2 );\"><div class=\"fusion-layout-column fusion_builder_column_inner fusion-builder-nested-column-0 fusion-flex-column subpage-subheader\" style=\"--awb-bg-size:cover;--awb-width-large:30%;--awb-margin-top-large:0px;--awb-spacing-right-large:6.4%;--awb-margin-bottom-large:20px;--awb-spacing-left-large:6.4%;--awb-width-medium:30%;--awb-order-medium:0;--awb-spacing-right-medium:6.4%;--awb-spacing-left-medium:6.4%;--awb-width-small:100%;--awb-order-small:0;--awb-spacing-right-small:1.92%;--awb-spacing-left-small:1.92%;\"><div class=\"fusion-column-wrapper fusion-column-has-shadow fusion-flex-justify-content-flex-start fusion-content-layout-column\"><div class=\"fusion-text fusion-text-2 text--gross--style\" style=\"--awb-font-size:18px;--awb-text-color:var(--awb-color3);--awb-margin-left:5px;--awb-text-font-family:&quot;HelsinkiWeb-Extralight&quot;;--awb-text-font-style:normal;--awb-text-font-weight:400;\"><p>Wir produzieren nach Ihren Anforderungen<\/p>\n<\/div><\/div><\/div><div class=\"fusion-layout-column fusion_builder_column_inner fusion-builder-nested-column-1 fusion-flex-column\" style=\"--awb-bg-size:cover;--awb-width-large:70%;--awb-margin-top-large:0px;--awb-spacing-right-large:2.7428571428571%;--awb-margin-bottom-large:20px;--awb-spacing-left-large:2.7428571428571%;--awb-width-medium:70%;--awb-order-medium:0;--awb-spacing-right-medium:2.7428571428571%;--awb-spacing-left-medium:2.7428571428571%;--awb-width-small:100%;--awb-order-small:0;--awb-spacing-right-small:1.92%;--awb-spacing-left-small:1.92%;\"><div class=\"fusion-column-wrapper fusion-column-has-shadow fusion-flex-justify-content-flex-start fusion-content-layout-column\"><div class=\"fusion-text fusion-text-3 margin--left--text\" style=\"--awb-font-size:18px;--awb-line-height:1.5;--awb-text-color:var(--awb-color4);--awb-text-font-family:&quot;HelsinkiWeb-Extralight&quot;;--awb-text-font-style:normal;--awb-text-font-weight:400;\"><p>Wir k\u00f6nnen fast alle Arten von chemischen Reaktionen durchf\u00fchren und sind sehr flexibel, unabh\u00e4ngig von Umfang, Spezifikation und Verpackung. Bitte z\u00f6gern Sie nicht, uns zu kontaktieren. Alles ist m\u00f6glich.<\/p>\n<\/div><\/div><\/div><\/div><\/div><\/div><\/div><\/div><div class=\"fusion-fullwidth fullwidth-box fusion-builder-row-2 fusion-flex-container has-pattern-background has-mask-background hundred-percent-fullwidth non-hundred-percent-height-scrolling\" style=\"--awb-border-radius-top-left:0px;--awb-border-radius-top-right:0px;--awb-border-radius-bottom-right:0px;--awb-border-radius-bottom-left:0px;--awb-padding-right:0.75rem;--awb-padding-left:0.75rem;--awb-margin-top:30px;--awb-flex-wrap:wrap;\" ><div class=\"fusion-builder-row fusion-row fusion-flex-align-items-flex-start fusion-flex-content-wrap\" style=\"width:104% !important;max-width:104% !important;margin-left: calc(-4% \/ 2 );margin-right: calc(-4% \/ 2 );\"><div class=\"fusion-layout-column fusion_builder_column fusion-builder-column-2 fusion_builder_column_1_1 1_1 fusion-flex-column\" style=\"--awb-bg-size:cover;--awb-width-large:100%;--awb-margin-top-large:0px;--awb-spacing-right-large:1.92%;--awb-margin-bottom-large:20px;--awb-spacing-left-large:1.92%;--awb-width-medium:100%;--awb-order-medium:0;--awb-spacing-right-medium:1.92%;--awb-spacing-left-medium:1.92%;--awb-width-small:100%;--awb-order-small:0;--awb-spacing-right-small:1.92%;--awb-spacing-left-small:1.92%;\"><div class=\"fusion-column-wrapper fusion-column-has-shadow fusion-flex-justify-content-flex-start fusion-content-layout-column\"><\/div><\/div><div class=\"fusion-layout-column fusion_builder_column fusion-builder-column-3 fusion_builder_column_1_3 1_3 fusion-flex-column\" style=\"--awb-bg-size:cover;--awb-width-large:33.333333333333%;--awb-margin-top-large:0px;--awb-spacing-right-large:5.76%;--awb-margin-bottom-large:20px;--awb-spacing-left-large:5.76%;--awb-width-medium:33.333333333333%;--awb-order-medium:0;--awb-spacing-right-medium:5.76%;--awb-spacing-left-medium:5.76%;--awb-width-small:100%;--awb-order-small:0;--awb-spacing-right-small:1.92%;--awb-spacing-left-small:1.92%;\"><div class=\"fusion-column-wrapper fusion-column-has-shadow fusion-flex-justify-content-flex-start fusion-content-layout-column\"><\/div><\/div><div class=\"fusion-layout-column fusion_builder_column fusion-builder-column-4 fusion_builder_column_1_3 1_3 fusion-flex-column\" style=\"--awb-bg-size:cover;--awb-width-large:33.333333333333%;--awb-margin-top-large:0px;--awb-spacing-right-large:5.76%;--awb-margin-bottom-large:20px;--awb-spacing-left-large:5.76%;--awb-width-medium:33.333333333333%;--awb-order-medium:0;--awb-spacing-right-medium:5.76%;--awb-spacing-left-medium:5.76%;--awb-width-small:100%;--awb-order-small:0;--awb-spacing-right-small:1.92%;--awb-spacing-left-small:1.92%;\"><div class=\"fusion-column-wrapper fusion-column-has-shadow fusion-flex-justify-content-flex-start fusion-content-layout-column\"><\/div><\/div><div class=\"fusion-layout-column fusion_builder_column fusion-builder-column-5 fusion_builder_column_1_3 1_3 fusion-flex-column\" style=\"--awb-padding-top:80px;--awb-padding-bottom:30px;--awb-bg-size:cover;--awb-width-large:33.333333333333%;--awb-margin-top-large:0px;--awb-spacing-right-large:5.76%;--awb-margin-bottom-large:20px;--awb-spacing-left-large:10px;--awb-width-medium:33.333333333333%;--awb-order-medium:0;--awb-spacing-right-medium:5.76%;--awb-spacing-left-medium:10px;--awb-width-small:100%;--awb-order-small:0;--awb-spacing-right-small:1.92%;--awb-spacing-left-small:3.072%;\" id=\"product-browse-catalogue-container\"><div class=\"fusion-column-wrapper fusion-column-has-shadow fusion-flex-justify-content-flex-start fusion-content-layout-column\"><div class=\"fusion-builder-row fusion-builder-row-inner fusion-row fusion-flex-align-items-flex-start fusion-flex-content-wrap\" style=\"width:104% !important;max-width:104% !important;margin-left: calc(-4% \/ 2 );margin-right: calc(-4% \/ 2 );\"><div class=\"fusion-layout-column fusion_builder_column_inner fusion-builder-nested-column-2 fusion_builder_column_inner_2_3 2_3 fusion-flex-column\" style=\"--awb-bg-size:cover;--awb-width-large:66.666666666667%;--awb-margin-top-large:0px;--awb-spacing-right-large:2.88%;--awb-margin-bottom-large:20px;--awb-spacing-left-large:2.88%;--awb-width-medium:66.666666666667%;--awb-order-medium:0;--awb-spacing-right-medium:2.88%;--awb-spacing-left-medium:2.88%;--awb-width-small:auto;--awb-order-small:0;--awb-spacing-right-small:2%;--awb-spacing-left-small:2%;\" id=\"browse--product-catalogue-container\"><div class=\"fusion-column-wrapper fusion-column-has-shadow fusion-flex-justify-content-flex-end fusion-content-layout-row fusion-flex-align-items-center\"><div class=\"fusion-text fusion-text-4 text--gross--style link--style\" style=\"--awb-font-size:18px;--awb-text-color:var(--awb-color2);--awb-margin-top:0px;--awb-text-font-family:&quot;HelsinkiWeb-Extralight&quot;;--awb-text-font-style:normal;--awb-text-font-weight:400;\" id=\"browse--product-catalogue-text\"><p><a style=\"text-decoration: underline;\" href=\"https:\/\/orgentis.com\/de\/produktkatalog\">PRODUKTKATALOG DURCHBL\u00c4TTERN<\/a><\/p>\n<\/div><\/div><\/div><div class=\"fusion-layout-column fusion_builder_column_inner fusion-builder-nested-column-3 fusion_builder_column_inner_1_3 1_3 fusion-flex-column arrow-link-image\" style=\"--awb-bg-size:cover;--awb-width-large:33.333333333333%;--awb-margin-top-large:0px;--awb-spacing-right-large:5.76%;--awb-margin-bottom-large:0px;--awb-spacing-left-large:5.76%;--awb-width-medium:33.333333333333%;--awb-order-medium:0;--awb-spacing-right-medium:5.76%;--awb-spacing-left-medium:5.76%;--awb-width-small:auto;--awb-order-small:0;--awb-spacing-right-small:2%;--awb-spacing-left-small:2%;\"><div class=\"fusion-column-wrapper fusion-column-has-shadow fusion-flex-justify-content-flex-start fusion-content-layout-column\"><div class=\"fusion-image-element \" style=\"--awb-margin-top:5px;--awb-max-width:12px;--awb-caption-title-font-family:var(--h2_typography-font-family);--awb-caption-title-font-weight:var(--h2_typography-font-weight);--awb-caption-title-font-style:var(--h2_typography-font-style);--awb-caption-title-size:var(--h2_typography-font-size);--awb-caption-title-transform:var(--h2_typography-text-transform);--awb-caption-title-line-height:var(--h2_typography-line-height);--awb-caption-title-letter-spacing:var(--h2_typography-letter-spacing);\"><span class=\" fusion-imageframe imageframe-none imageframe-4 hover-type-none\"><img decoding=\"async\" width=\"14\" height=\"25\" alt=\"right arrow\" title=\"Pfad -1\" src=\"https:\/\/orgentis.com\/wp-content\/uploads\/2024\/02\/Pfad-1.png\" class=\"img-responsive wp-image-218\"\/><\/span><\/div><\/div><\/div><\/div><\/div><\/div><\/div><\/div><\/p>\n","protected":false},"excerpt":{"rendered":"","protected":false},"author":1,"featured_media":0,"parent":0,"menu_order":0,"comment_status":"closed","ping_status":"closed","template":"100-width.php","meta":{"footnotes":""},"class_list":["post-415","page","type-page","status-publish","hentry"],"yoast_head":"<!-- This site is optimized with the Yoast SEO plugin v23.0 - https:\/\/yoast.com\/wordpress\/plugins\/seo\/ -->\n<title>Produktion nach Ihren W\u00fcnschen | Orgentis Chemicals GmbH<\/title>\n<meta name=\"description\" content=\"Orgentis Chemicals GmbH kann fast alle Arten von chemischen Reaktionen durchf\u00fchren und ist sehr flexibel, unabh\u00e4ngig von Umfang, Spezifikation und Verpackung.\" \/>\n<meta name=\"robots\" content=\"index, follow, max-snippet:-1, max-image-preview:large, max-video-preview:-1\" \/>\n<link rel=\"canonical\" href=\"https:\/\/orgentis.com\/de\/produkte\" \/>\n<meta property=\"og:locale\" content=\"de_DE\" \/>\n<meta property=\"og:type\" content=\"article\" \/>\n<meta property=\"og:title\" content=\"Produktion nach Ihren W\u00fcnschen | Orgentis Chemicals GmbH\" \/>\n<meta property=\"og:description\" content=\"Orgentis Chemicals GmbH kann fast alle Arten von chemischen Reaktionen durchf\u00fchren und ist sehr flexibel, unabh\u00e4ngig von Umfang, Spezifikation und Verpackung.\" \/>\n<meta property=\"og:url\" content=\"https:\/\/orgentis.com\/de\/produkte\" \/>\n<meta property=\"og:site_name\" content=\"Orgentis Website\" \/>\n<meta property=\"article:modified_time\" content=\"2024-09-18T09:02:44+00:00\" \/>\n<meta name=\"twitter:card\" content=\"summary_large_image\" \/>\n<meta name=\"twitter:label1\" content=\"Gesch\u00e4tzte Lesezeit\" \/>\n\t<meta name=\"twitter:data1\" content=\"2\u00a0Minuten\" \/>\n<script type=\"application\/ld+json\" class=\"yoast-schema-graph\">{\"@context\":\"https:\/\/schema.org\",\"@graph\":[{\"@type\":\"WebPage\",\"@id\":\"https:\/\/orgentis.com\/de\/produkte\",\"url\":\"https:\/\/orgentis.com\/de\/produkte\",\"name\":\"Produktion nach Ihren W\u00fcnschen | Orgentis Chemicals GmbH\",\"isPartOf\":{\"@id\":\"https:\/\/orgentis.com\/de#website\"},\"datePublished\":\"2024-02-06T08:59:32+00:00\",\"dateModified\":\"2024-09-18T09:02:44+00:00\",\"description\":\"Orgentis Chemicals GmbH kann fast alle Arten von chemischen Reaktionen durchf\u00fchren und ist sehr flexibel, unabh\u00e4ngig von Umfang, Spezifikation und Verpackung.\",\"breadcrumb\":{\"@id\":\"https:\/\/orgentis.com\/de\/produkte#breadcrumb\"},\"inLanguage\":\"de\",\"potentialAction\":[{\"@type\":\"ReadAction\",\"target\":[\"https:\/\/orgentis.com\/de\/produkte\"]}]},{\"@type\":\"BreadcrumbList\",\"@id\":\"https:\/\/orgentis.com\/de\/produkte#breadcrumb\",\"itemListElement\":[{\"@type\":\"ListItem\",\"position\":1,\"name\":\"Home\",\"item\":\"https:\/\/orgentis.com\/de\/startseite\"},{\"@type\":\"ListItem\",\"position\":2,\"name\":\"Produkte\"}]},{\"@type\":\"WebSite\",\"@id\":\"https:\/\/orgentis.com\/de#website\",\"url\":\"https:\/\/orgentis.com\/de\",\"name\":\"Orgentis Website\",\"description\":\"\",\"publisher\":{\"@id\":\"https:\/\/orgentis.com\/de#organization\"},\"potentialAction\":[{\"@type\":\"SearchAction\",\"target\":{\"@type\":\"EntryPoint\",\"urlTemplate\":\"https:\/\/orgentis.com\/de?s={search_term_string}\"},\"query-input\":\"required name=search_term_string\"}],\"inLanguage\":\"de\"},{\"@type\":\"Organization\",\"@id\":\"https:\/\/orgentis.com\/de#organization\",\"name\":\"Orgentis Chemicals GmbH\",\"url\":\"https:\/\/orgentis.com\/de\",\"logo\":{\"@type\":\"ImageObject\",\"inLanguage\":\"de\",\"@id\":\"https:\/\/orgentis.com\/de#\/schema\/logo\/image\/\",\"url\":\"https:\/\/orgentis.com\/wp-content\/uploads\/2024\/02\/Orgentis-Logo.png\",\"contentUrl\":\"https:\/\/orgentis.com\/wp-content\/uploads\/2024\/02\/Orgentis-Logo.png\",\"width\":4067,\"height\":1163,\"caption\":\"Orgentis Chemicals GmbH\"},\"image\":{\"@id\":\"https:\/\/orgentis.com\/de#\/schema\/logo\/image\/\"}}]}<\/script>\n<!-- \/ Yoast SEO plugin. -->","yoast_head_json":{"title":"Produktion nach Ihren W\u00fcnschen | Orgentis Chemicals GmbH","description":"Orgentis Chemicals GmbH kann fast alle Arten von chemischen Reaktionen durchf\u00fchren und ist sehr flexibel, unabh\u00e4ngig von Umfang, Spezifikation und Verpackung.","robots":{"index":"index","follow":"follow","max-snippet":"max-snippet:-1","max-image-preview":"max-image-preview:large","max-video-preview":"max-video-preview:-1"},"canonical":"https:\/\/orgentis.com\/de\/produkte","og_locale":"de_DE","og_type":"article","og_title":"Produktion nach Ihren W\u00fcnschen | Orgentis Chemicals GmbH","og_description":"Orgentis Chemicals GmbH kann fast alle Arten von chemischen Reaktionen durchf\u00fchren und ist sehr flexibel, unabh\u00e4ngig von Umfang, Spezifikation und Verpackung.","og_url":"https:\/\/orgentis.com\/de\/produkte","og_site_name":"Orgentis Website","article_modified_time":"2024-09-18T09:02:44+00:00","twitter_card":"summary_large_image","twitter_misc":{"Gesch\u00e4tzte Lesezeit":"2\u00a0Minuten"},"schema":{"@context":"https:\/\/schema.org","@graph":[{"@type":"WebPage","@id":"https:\/\/orgentis.com\/de\/produkte","url":"https:\/\/orgentis.com\/de\/produkte","name":"Produktion nach Ihren W\u00fcnschen | Orgentis Chemicals GmbH","isPartOf":{"@id":"https:\/\/orgentis.com\/de#website"},"datePublished":"2024-02-06T08:59:32+00:00","dateModified":"2024-09-18T09:02:44+00:00","description":"Orgentis Chemicals GmbH kann fast alle Arten von chemischen Reaktionen durchf\u00fchren und ist sehr flexibel, unabh\u00e4ngig von Umfang, Spezifikation und Verpackung.","breadcrumb":{"@id":"https:\/\/orgentis.com\/de\/produkte#breadcrumb"},"inLanguage":"de","potentialAction":[{"@type":"ReadAction","target":["https:\/\/orgentis.com\/de\/produkte"]}]},{"@type":"BreadcrumbList","@id":"https:\/\/orgentis.com\/de\/produkte#breadcrumb","itemListElement":[{"@type":"ListItem","position":1,"name":"Home","item":"https:\/\/orgentis.com\/de\/startseite"},{"@type":"ListItem","position":2,"name":"Produkte"}]},{"@type":"WebSite","@id":"https:\/\/orgentis.com\/de#website","url":"https:\/\/orgentis.com\/de","name":"Orgentis Website","description":"","publisher":{"@id":"https:\/\/orgentis.com\/de#organization"},"potentialAction":[{"@type":"SearchAction","target":{"@type":"EntryPoint","urlTemplate":"https:\/\/orgentis.com\/de?s={search_term_string}"},"query-input":"required name=search_term_string"}],"inLanguage":"de"},{"@type":"Organization","@id":"https:\/\/orgentis.com\/de#organization","name":"Orgentis Chemicals GmbH","url":"https:\/\/orgentis.com\/de","logo":{"@type":"ImageObject","inLanguage":"de","@id":"https:\/\/orgentis.com\/de#\/schema\/logo\/image\/","url":"https:\/\/orgentis.com\/wp-content\/uploads\/2024\/02\/Orgentis-Logo.png","contentUrl":"https:\/\/orgentis.com\/wp-content\/uploads\/2024\/02\/Orgentis-Logo.png","width":4067,"height":1163,"caption":"Orgentis Chemicals GmbH"},"image":{"@id":"https:\/\/orgentis.com\/de#\/schema\/logo\/image\/"}}]}},"_links":{"self":[{"href":"https:\/\/orgentis.com\/de\/wp-json\/wp\/v2\/pages\/415","targetHints":{"allow":["GET"]}}],"collection":[{"href":"https:\/\/orgentis.com\/de\/wp-json\/wp\/v2\/pages"}],"about":[{"href":"https:\/\/orgentis.com\/de\/wp-json\/wp\/v2\/types\/page"}],"author":[{"embeddable":true,"href":"https:\/\/orgentis.com\/de\/wp-json\/wp\/v2\/users\/1"}],"replies":[{"embeddable":true,"href":"https:\/\/orgentis.com\/de\/wp-json\/wp\/v2\/comments?post=415"}],"version-history":[{"count":83,"href":"https:\/\/orgentis.com\/de\/wp-json\/wp\/v2\/pages\/415\/revisions"}],"predecessor-version":[{"id":2898,"href":"https:\/\/orgentis.com\/de\/wp-json\/wp\/v2\/pages\/415\/revisions\/2898"}],"wp:attachment":[{"href":"https:\/\/orgentis.com\/de\/wp-json\/wp\/v2\/media?parent=415"}],"curies":[{"name":"wp","href":"https:\/\/api.w.org\/{rel}","templated":true}]}}