{"id":1359,"date":"2024-04-05T14:29:26","date_gmt":"2024-04-05T14:29:26","guid":{"rendered":"https:\/\/orgentis.com\/qualitaet-2"},"modified":"2025-05-08T06:34:00","modified_gmt":"2025-05-08T06:34:00","slug":"qualitaet-2","status":"publish","type":"page","link":"https:\/\/orgentis.com\/de\/qualitaet-2","title":{"rendered":"Qualit\u00e4t"},"content":{"rendered":"<p><div class=\"fusion-fullwidth fullwidth-box fusion-builder-row-1 fusion-flex-container has-pattern-background has-mask-background hundred-percent-fullwidth non-hundred-percent-height-scrolling\" style=\"--awb-border-radius-top-left:0px;--awb-border-radius-top-right:0px;--awb-border-radius-bottom-right:0px;--awb-border-radius-bottom-left:0px;--awb-padding-right:0.75rem;--awb-padding-left:0.75rem;--awb-margin-top:140px;--awb-flex-wrap:wrap;\" ><div class=\"fusion-builder-row fusion-row fusion-flex-align-items-flex-start fusion-flex-content-wrap\" style=\"width:104% !important;max-width:104% !important;margin-left: calc(-4% \/ 2 );margin-right: calc(-4% \/ 2 );\"><div class=\"fusion-layout-column fusion_builder_column fusion-builder-column-0 fusion_builder_column_1_1 1_1 fusion-flex-column\" style=\"--awb-bg-size:cover;--awb-width-large:100%;--awb-margin-top-large:0px;--awb-spacing-right-large:1.92%;--awb-margin-bottom-large:20px;--awb-spacing-left-large:1.92%;--awb-width-medium:100%;--awb-order-medium:0;--awb-spacing-right-medium:1.92%;--awb-spacing-left-medium:1.92%;--awb-width-small:100%;--awb-order-small:0;--awb-spacing-right-small:1.92%;--awb-spacing-left-small:1.92%;\"><div class=\"fusion-column-wrapper fusion-column-has-shadow fusion-flex-justify-content-flex-start fusion-content-layout-column\"><div class=\"fusion-text fusion-text-1 fusion-text-no-margin responsive--headline--mobile responsive--headline--desktop\" style=\"--awb-font-size:60px;--awb-text-color:var(--awb-color3);--awb-margin-bottom:0px;--awb-text-font-family:&quot;HelsinkiWeb-Thin&quot;;--awb-text-font-style:normal;--awb-text-font-weight:400;\"><h1>Qualit\u00e4t<\/h1>\n<\/div><\/div><\/div><div class=\"fusion-layout-column fusion_builder_column fusion-builder-column-1 fusion_builder_column_1_1 1_1 fusion-flex-column\" style=\"--awb-bg-blend:overlay;--awb-bg-size:cover;--awb-width-large:100%;--awb-margin-top-large:0px;--awb-spacing-right-large:1.92%;--awb-margin-bottom-large:0px;--awb-spacing-left-large:1.92%;--awb-width-medium:100%;--awb-spacing-right-medium:1.92%;--awb-spacing-left-medium:1.92%;--awb-width-small:100%;--awb-spacing-right-small:1.92%;--awb-spacing-left-small:1.92%;\"><div class=\"fusion-column-wrapper fusion-flex-justify-content-flex-start fusion-content-layout-column\"><div class=\"fusion-image-element \" style=\"text-align:right;--awb-margin-top:-70px;--awb-margin-right:50px;--awb-margin-bottom:-70px;--awb-margin-right-small:10px;--awb-caption-title-font-family:var(--h2_typography-font-family);--awb-caption-title-font-weight:var(--h2_typography-font-weight);--awb-caption-title-font-style:var(--h2_typography-font-style);--awb-caption-title-size:var(--h2_typography-font-size);--awb-caption-title-transform:var(--h2_typography-text-transform);--awb-caption-title-line-height:var(--h2_typography-line-height);--awb-caption-title-letter-spacing:var(--h2_typography-letter-spacing);\"><span class=\" fusion-imageframe imageframe-none imageframe-1 hover-type-none z1000\" id=\"seal--size\"><a class=\"fusion-no-lightbox\" href=\"https:\/\/orgentis.com\/de\/marion_rauter_din_iso-9001_2015_en-2\" target=\"_blank\" aria-label=\"Gruppe 25\" rel=\"noopener noreferrer\"><img decoding=\"async\" width=\"119\" height=\"138\" alt=\"ISO 9001:2015 Certified\" src=\"https:\/\/orgentis.com\/wp-content\/uploads\/2024\/02\/Gruppe-25.png\" class=\"img-responsive wp-image-220\"\/><\/a><\/span><\/div><div class=\"fusion-image-element fusion-no-small-visibility fusion-no-medium-visibility\" style=\"--awb-aspect-ratio: 100 \/ 50;--awb-object-position:53% 42%;--awb-margin-bottom:20px;--awb-caption-title-font-family:var(--h2_typography-font-family);--awb-caption-title-font-weight:var(--h2_typography-font-weight);--awb-caption-title-font-style:var(--h2_typography-font-style);--awb-caption-title-size:var(--h2_typography-font-size);--awb-caption-title-transform:var(--h2_typography-text-transform);--awb-caption-title-line-height:var(--h2_typography-line-height);--awb-caption-title-letter-spacing:var(--h2_typography-letter-spacing);\"><span class=\" fusion-imageframe imageframe-none imageframe-2 hover-type-none has-aspect-ratio width--100 z999 image--upper--bottom--border\"><img decoding=\"async\" width=\"2560\" height=\"1280\" alt=\"Teamarbeit bei Orgentis Chemicals\" title=\"240411-Situationsfotos-Preview-115\" src=\"https:\/\/orgentis.com\/wp-content\/uploads\/2024\/07\/240411-Situationsfotos-Preview-115-scaled.jpg\" class=\"img-responsive wp-image-2409 img-with-aspect-ratio\" srcset=\"https:\/\/orgentis.com\/wp-content\/uploads\/2024\/07\/240411-Situationsfotos-Preview-115-200x100.jpg 200w, https:\/\/orgentis.com\/wp-content\/uploads\/2024\/07\/240411-Situationsfotos-Preview-115-400x200.jpg 400w, https:\/\/orgentis.com\/wp-content\/uploads\/2024\/07\/240411-Situationsfotos-Preview-115-600x300.jpg 600w, https:\/\/orgentis.com\/wp-content\/uploads\/2024\/07\/240411-Situationsfotos-Preview-115-800x400.jpg 800w, https:\/\/orgentis.com\/wp-content\/uploads\/2024\/07\/240411-Situationsfotos-Preview-115-1200x600.jpg 1200w, https:\/\/orgentis.com\/wp-content\/uploads\/2024\/07\/240411-Situationsfotos-Preview-115-scaled.jpg 2560w\" sizes=\"(max-width: 1024px) 100vw, 1200px\" \/><\/span><\/div><div class=\"fusion-image-element fusion-no-large-visibility\" style=\"--awb-aspect-ratio: 100 \/ 90;--awb-object-position:53% 49%;--awb-margin-bottom:20px;--awb-caption-title-font-family:var(--h2_typography-font-family);--awb-caption-title-font-weight:var(--h2_typography-font-weight);--awb-caption-title-font-style:var(--h2_typography-font-style);--awb-caption-title-size:var(--h2_typography-font-size);--awb-caption-title-transform:var(--h2_typography-text-transform);--awb-caption-title-line-height:var(--h2_typography-line-height);--awb-caption-title-letter-spacing:var(--h2_typography-letter-spacing);\"><span class=\" fusion-imageframe imageframe-none imageframe-3 hover-type-none has-aspect-ratio width--100 z999 image--upper--bottom--border\"><img decoding=\"async\" width=\"2560\" height=\"1280\" alt=\"Teamarbeit bei Orgentis Chemicals\" title=\"240411-Situationsfotos-Preview-115\" src=\"https:\/\/orgentis.com\/wp-content\/uploads\/2024\/07\/240411-Situationsfotos-Preview-115-scaled.jpg\" class=\"img-responsive wp-image-2409 img-with-aspect-ratio\" srcset=\"https:\/\/orgentis.com\/wp-content\/uploads\/2024\/07\/240411-Situationsfotos-Preview-115-200x100.jpg 200w, https:\/\/orgentis.com\/wp-content\/uploads\/2024\/07\/240411-Situationsfotos-Preview-115-400x200.jpg 400w, https:\/\/orgentis.com\/wp-content\/uploads\/2024\/07\/240411-Situationsfotos-Preview-115-600x300.jpg 600w, https:\/\/orgentis.com\/wp-content\/uploads\/2024\/07\/240411-Situationsfotos-Preview-115-800x400.jpg 800w, https:\/\/orgentis.com\/wp-content\/uploads\/2024\/07\/240411-Situationsfotos-Preview-115-1200x600.jpg 1200w, https:\/\/orgentis.com\/wp-content\/uploads\/2024\/07\/240411-Situationsfotos-Preview-115-scaled.jpg 2560w\" sizes=\"(max-width: 1024px) 100vw, 1200px\" \/><\/span><\/div><div class=\"fusion-builder-row fusion-builder-row-inner fusion-row fusion-flex-align-items-flex-start fusion-flex-content-wrap\" style=\"width:104% !important;max-width:104% !important;margin-left: calc(-4% \/ 2 );margin-right: calc(-4% \/ 2 );\"><div class=\"fusion-layout-column fusion_builder_column_inner fusion-builder-nested-column-0 fusion-flex-column subpage-subheader\" style=\"--awb-bg-size:cover;--awb-width-large:30%;--awb-margin-top-large:0px;--awb-spacing-right-large:6.4%;--awb-margin-bottom-large:20px;--awb-spacing-left-large:6.4%;--awb-width-medium:30%;--awb-order-medium:0;--awb-spacing-right-medium:6.4%;--awb-spacing-left-medium:6.4%;--awb-width-small:100%;--awb-order-small:0;--awb-spacing-right-small:1.92%;--awb-spacing-left-small:1.92%;\"><div class=\"fusion-column-wrapper fusion-column-has-shadow fusion-flex-justify-content-flex-start fusion-content-layout-column\"><div class=\"fusion-text fusion-text-2 text--gross--style\" style=\"--awb-font-size:18px;--awb-text-color:var(--awb-color3);--awb-margin-left:5px;--awb-text-font-family:&quot;HelsinkiWeb-Extralight&quot;;--awb-text-font-style:normal;--awb-text-font-weight:400;\"><p>ORGENTIS &#8211; Qualit\u00e4t Made in Germany<\/p>\n<\/div><\/div><\/div><div class=\"fusion-layout-column fusion_builder_column_inner fusion-builder-nested-column-1 fusion-flex-column\" style=\"--awb-bg-size:cover;--awb-width-large:70%;--awb-margin-top-large:0px;--awb-spacing-right-large:2.7428571428571%;--awb-margin-bottom-large:20px;--awb-spacing-left-large:2.7428571428571%;--awb-width-medium:70%;--awb-order-medium:0;--awb-spacing-right-medium:2.7428571428571%;--awb-spacing-left-medium:2.7428571428571%;--awb-width-small:100%;--awb-order-small:0;--awb-spacing-right-small:1.92%;--awb-spacing-left-small:1.92%;\"><div class=\"fusion-column-wrapper fusion-column-has-shadow fusion-flex-justify-content-flex-start fusion-content-layout-column\"><div class=\"fusion-text fusion-text-3 margin--left--text\" style=\"--awb-font-size:18px;--awb-line-height:1.5;--awb-text-color:var(--awb-color4);--awb-text-font-family:&quot;HelsinkiWeb-Extralight&quot;;--awb-text-font-style:normal;--awb-text-font-weight:400;\"><p>Qualit\u00e4t ist unsere h\u00f6chste Priorit\u00e4t! Wir sind seit 2019 <a href=\"https:\/\/orgentis.com\/wp-content\/uploads\/2025\/05\/190236_Orgentis-Chemicals-GmbH_QM-WA-25_de.pdf\" target=\"_blank\" rel=\"noopener noreferrer\">nach DIN ISO 9001:2015<\/a> zertifiziert. Ihr Anspruch ist unser Standard.<\/p>\n<\/div><\/div><\/div><\/div><\/div><\/div><\/div><\/div><div class=\"fusion-fullwidth fullwidth-box fusion-builder-row-2 fusion-flex-container has-pattern-background has-mask-background hundred-percent-fullwidth non-hundred-percent-height-scrolling\" style=\"--awb-border-radius-top-left:0px;--awb-border-radius-top-right:0px;--awb-border-radius-bottom-right:0px;--awb-border-radius-bottom-left:0px;--awb-padding-right:0px;--awb-padding-left:0px;--awb-padding-right-small:1rem;--awb-padding-left-small:1rem;--awb-flex-wrap:wrap;\" ><div class=\"fusion-builder-row fusion-row fusion-flex-align-items-flex-start fusion-flex-content-wrap\" style=\"width:104% !important;max-width:104% !important;margin-left: calc(-4% \/ 2 );margin-right: calc(-4% \/ 2 );\"><div class=\"fusion-layout-column fusion_builder_column fusion-builder-column-2 fusion_builder_column_1_1 1_1 fusion-flex-column\" style=\"--awb-bg-size:cover;--awb-width-large:100%;--awb-margin-top-large:0px;--awb-spacing-right-large:1.92%;--awb-margin-bottom-large:20px;--awb-spacing-left-large:1.92%;--awb-width-medium:100%;--awb-order-medium:0;--awb-spacing-right-medium:1.92%;--awb-spacing-left-medium:1.92%;--awb-width-small:100%;--awb-order-small:0;--awb-spacing-right-small:1.92%;--awb-spacing-left-small:1.92%;\" id=\"Quality--analytics-column\"><div class=\"fusion-column-wrapper fusion-column-has-shadow fusion-flex-justify-content-flex-start fusion-content-layout-column\"><div class=\"fusion-text fusion-text-4 fusion-text-no-margin text--gross--style \" style=\"--awb-font-size:18px;--awb-text-color:var(--awb-color5);--awb-margin-bottom:5px;--awb-margin-left:2.5rem;--awb-text-font-family:&quot;HelsinkiWeb-Extralight&quot;;--awb-text-font-style:normal;--awb-text-font-weight:400;\" id=\"quality-analytics-header\"><p>Analytik<\/p>\n<\/div><div class=\"fusion-builder-row fusion-builder-row-inner fusion-row fusion-flex-align-items-flex-start fusion-flex-content-wrap\" style=\"width:104% !important;max-width:104% !important;margin-left: calc(-4% \/ 2 );margin-right: calc(-4% \/ 2 );\"><div class=\"fusion-layout-column fusion_builder_column_inner fusion-builder-nested-column-2 fusion-flex-column Quality--analytics-data\" style=\"--awb-bg-size:cover;--awb-width-large:30%;--awb-margin-top-large:0px;--awb-spacing-right-large:6.4%;--awb-margin-bottom-large:20px;--awb-spacing-left-large:6.4%;--awb-width-medium:30%;--awb-order-medium:0;--awb-spacing-right-medium:6.4%;--awb-spacing-left-medium:6.4%;--awb-width-small:100%;--awb-order-small:0;--awb-spacing-right-small:1.92%;--awb-spacing-left-small:1.92%;\"><div class=\"fusion-column-wrapper fusion-column-has-shadow fusion-flex-justify-content-flex-start fusion-content-layout-column\"><div class=\"fusion-image-element \" style=\"--awb-aspect-ratio:3 \/ 2;--awb-object-position:37% 49%;--awb-caption-title-font-family:var(--h2_typography-font-family);--awb-caption-title-font-weight:var(--h2_typography-font-weight);--awb-caption-title-font-style:var(--h2_typography-font-style);--awb-caption-title-size:var(--h2_typography-font-size);--awb-caption-title-transform:var(--h2_typography-text-transform);--awb-caption-title-line-height:var(--h2_typography-line-height);--awb-caption-title-letter-spacing:var(--h2_typography-letter-spacing);\"><span class=\" fusion-imageframe imageframe-none imageframe-4 hover-type-none has-aspect-ratio image--upper--bottom--border\"><img decoding=\"async\" width=\"2560\" height=\"1929\" alt=\"Labor Orgentis Chemicals\" title=\"Analytics_112\" src=\"https:\/\/orgentis.com\/wp-content\/uploads\/2024\/07\/Analytics_112-scaled.jpg\" class=\"img-responsive wp-image-2411 img-with-aspect-ratio\" srcset=\"https:\/\/orgentis.com\/wp-content\/uploads\/2024\/07\/Analytics_112-200x151.jpg 200w, https:\/\/orgentis.com\/wp-content\/uploads\/2024\/07\/Analytics_112-400x301.jpg 400w, https:\/\/orgentis.com\/wp-content\/uploads\/2024\/07\/Analytics_112-600x452.jpg 600w, https:\/\/orgentis.com\/wp-content\/uploads\/2024\/07\/Analytics_112-800x603.jpg 800w, https:\/\/orgentis.com\/wp-content\/uploads\/2024\/07\/Analytics_112-1200x904.jpg 1200w, https:\/\/orgentis.com\/wp-content\/uploads\/2024\/07\/Analytics_112-scaled.jpg 2560w\" sizes=\"(max-width: 1024px) 100vw, 1200px\" \/><\/span><\/div><\/div><\/div><div class=\"fusion-layout-column fusion_builder_column_inner fusion-builder-nested-column-3 fusion-flex-column Quality--analytics-data\" style=\"--awb-bg-size:cover;--awb-width-large:70%;--awb-margin-top-large:0px;--awb-spacing-right-large:2.7428571428571%;--awb-margin-bottom-large:20px;--awb-spacing-left-large:2.7428571428571%;--awb-width-medium:70%;--awb-order-medium:0;--awb-spacing-right-medium:2.7428571428571%;--awb-spacing-left-medium:2.7428571428571%;--awb-width-small:100%;--awb-order-small:0;--awb-spacing-right-small:1.92%;--awb-spacing-left-small:1.92%;\" id=\"Quality--analytics-data-info\" data-scroll-devices=\"small-visibility,medium-visibility,large-visibility\"><div class=\"fusion-column-wrapper fusion-column-has-shadow fusion-flex-justify-content-flex-start fusion-content-layout-column\"><div class=\"fusion-separator fusion-full-width-sep\" style=\"align-self: center;margin-left: auto;margin-right: auto;margin-top:0px;margin-bottom:0px;width:100%;\"><div class=\"fusion-separator-border sep-single sep-solid\" style=\"--awb-height:20px;--awb-amount:20px;border-color:var(--awb-color3);border-top-width:1px;\"><\/div><\/div><div class=\"fusion-text fusion-text-5 link--style--underline2\" style=\"--awb-font-size:18px;--awb-line-height:1.4;--awb-text-color:var(--awb-color2);--awb-margin-top:10px;--awb-text-font-family:&quot;HelsinkiWeb-Extralight&quot;;--awb-text-font-style:normal;--awb-text-font-weight:400;\"><ul>\n<li>HPLC-UV<\/li>\n<li>GC-FID<\/li>\n<li>NMR (60 MHz)<\/li>\n<li>Karl-Fischer-Wasserbestimmung<\/li>\n<li>Schmelzpunkt<\/li>\n<li>Brechungsindex<\/li>\n<li>Viskosit\u00e4tsmessungen mittels Durchflussbecher<\/li>\n<li>Bestimmung der Partikelgr\u00f6\u00dfe<\/li>\n<li>FT-IR<\/li>\n<li>UV-Spektroskopie<\/li>\n<li>Elektrophorese<\/li>\n<li>Gravimetrie<\/li>\n<\/ul>\n<\/div><\/div><\/div><\/div><\/div><\/div><\/div><\/div><\/p>\n","protected":false},"excerpt":{"rendered":"","protected":false},"author":1,"featured_media":0,"parent":0,"menu_order":0,"comment_status":"closed","ping_status":"closed","template":"100-width.php","meta":{"footnotes":""},"class_list":["post-1359","page","type-page","status-publish","hentry"],"yoast_head":"<!-- This site is optimized with the Yoast SEO plugin v23.0 - https:\/\/yoast.com\/wordpress\/plugins\/seo\/ -->\n<title>Unsere Qualit\u00e4t | Orgentis Chemicals GmbH<\/title>\n<meta name=\"description\" content=\"Qualit\u00e4t hat bei der Orgentis Chemicals GmbH oberste Priorit\u00e4t. Seit 2019 sind wir nach DIN ISO 9001:2015 zertifiziert. Ihre Anspr\u00fcche sind unser Ma\u00dfstab.\" \/>\n<meta name=\"robots\" content=\"index, follow, max-snippet:-1, max-image-preview:large, max-video-preview:-1\" \/>\n<link rel=\"canonical\" href=\"https:\/\/orgentis.com\/de\/qualitaet-2\" \/>\n<meta property=\"og:locale\" content=\"de_DE\" \/>\n<meta property=\"og:type\" content=\"article\" \/>\n<meta property=\"og:title\" content=\"Unsere Qualit\u00e4t | Orgentis Chemicals GmbH\" \/>\n<meta property=\"og:description\" content=\"Qualit\u00e4t hat bei der Orgentis Chemicals GmbH oberste Priorit\u00e4t. Seit 2019 sind wir nach DIN ISO 9001:2015 zertifiziert. Ihre Anspr\u00fcche sind unser Ma\u00dfstab.\" \/>\n<meta property=\"og:url\" content=\"https:\/\/orgentis.com\/de\/qualitaet-2\" \/>\n<meta property=\"og:site_name\" content=\"Orgentis Website\" \/>\n<meta property=\"article:modified_time\" content=\"2025-05-08T06:34:00+00:00\" \/>\n<meta name=\"twitter:card\" content=\"summary_large_image\" \/>\n<meta name=\"twitter:label1\" content=\"Gesch\u00e4tzte Lesezeit\" \/>\n\t<meta name=\"twitter:data1\" content=\"1\u00a0Minute\" \/>\n<script type=\"application\/ld+json\" class=\"yoast-schema-graph\">{\"@context\":\"https:\/\/schema.org\",\"@graph\":[{\"@type\":\"WebPage\",\"@id\":\"https:\/\/orgentis.com\/de\/qualitaet-2\",\"url\":\"https:\/\/orgentis.com\/de\/qualitaet-2\",\"name\":\"Unsere Qualit\u00e4t | Orgentis Chemicals GmbH\",\"isPartOf\":{\"@id\":\"https:\/\/orgentis.com\/de#website\"},\"datePublished\":\"2024-04-05T14:29:26+00:00\",\"dateModified\":\"2025-05-08T06:34:00+00:00\",\"description\":\"Qualit\u00e4t hat bei der Orgentis Chemicals GmbH oberste Priorit\u00e4t. Seit 2019 sind wir nach DIN ISO 9001:2015 zertifiziert. Ihre Anspr\u00fcche sind unser Ma\u00dfstab.\",\"breadcrumb\":{\"@id\":\"https:\/\/orgentis.com\/de\/qualitaet-2#breadcrumb\"},\"inLanguage\":\"de\",\"potentialAction\":[{\"@type\":\"ReadAction\",\"target\":[\"https:\/\/orgentis.com\/de\/qualitaet-2\"]}]},{\"@type\":\"BreadcrumbList\",\"@id\":\"https:\/\/orgentis.com\/de\/qualitaet-2#breadcrumb\",\"itemListElement\":[{\"@type\":\"ListItem\",\"position\":1,\"name\":\"Home\",\"item\":\"https:\/\/orgentis.com\/de\/startseite\"},{\"@type\":\"ListItem\",\"position\":2,\"name\":\"Qualit\u00e4t\"}]},{\"@type\":\"WebSite\",\"@id\":\"https:\/\/orgentis.com\/de#website\",\"url\":\"https:\/\/orgentis.com\/de\",\"name\":\"Orgentis Website\",\"description\":\"\",\"publisher\":{\"@id\":\"https:\/\/orgentis.com\/de#organization\"},\"potentialAction\":[{\"@type\":\"SearchAction\",\"target\":{\"@type\":\"EntryPoint\",\"urlTemplate\":\"https:\/\/orgentis.com\/de?s={search_term_string}\"},\"query-input\":\"required name=search_term_string\"}],\"inLanguage\":\"de\"},{\"@type\":\"Organization\",\"@id\":\"https:\/\/orgentis.com\/de#organization\",\"name\":\"Orgentis Chemicals GmbH\",\"url\":\"https:\/\/orgentis.com\/de\",\"logo\":{\"@type\":\"ImageObject\",\"inLanguage\":\"de\",\"@id\":\"https:\/\/orgentis.com\/de#\/schema\/logo\/image\/\",\"url\":\"https:\/\/orgentis.com\/wp-content\/uploads\/2024\/02\/Orgentis-Logo.png\",\"contentUrl\":\"https:\/\/orgentis.com\/wp-content\/uploads\/2024\/02\/Orgentis-Logo.png\",\"width\":4067,\"height\":1163,\"caption\":\"Orgentis Chemicals GmbH\"},\"image\":{\"@id\":\"https:\/\/orgentis.com\/de#\/schema\/logo\/image\/\"}}]}<\/script>\n<!-- \/ Yoast SEO plugin. -->","yoast_head_json":{"title":"Unsere Qualit\u00e4t | Orgentis Chemicals GmbH","description":"Qualit\u00e4t hat bei der Orgentis Chemicals GmbH oberste Priorit\u00e4t. Seit 2019 sind wir nach DIN ISO 9001:2015 zertifiziert. Ihre Anspr\u00fcche sind unser Ma\u00dfstab.","robots":{"index":"index","follow":"follow","max-snippet":"max-snippet:-1","max-image-preview":"max-image-preview:large","max-video-preview":"max-video-preview:-1"},"canonical":"https:\/\/orgentis.com\/de\/qualitaet-2","og_locale":"de_DE","og_type":"article","og_title":"Unsere Qualit\u00e4t | Orgentis Chemicals GmbH","og_description":"Qualit\u00e4t hat bei der Orgentis Chemicals GmbH oberste Priorit\u00e4t. Seit 2019 sind wir nach DIN ISO 9001:2015 zertifiziert. Ihre Anspr\u00fcche sind unser Ma\u00dfstab.","og_url":"https:\/\/orgentis.com\/de\/qualitaet-2","og_site_name":"Orgentis Website","article_modified_time":"2025-05-08T06:34:00+00:00","twitter_card":"summary_large_image","twitter_misc":{"Gesch\u00e4tzte Lesezeit":"1\u00a0Minute"},"schema":{"@context":"https:\/\/schema.org","@graph":[{"@type":"WebPage","@id":"https:\/\/orgentis.com\/de\/qualitaet-2","url":"https:\/\/orgentis.com\/de\/qualitaet-2","name":"Unsere Qualit\u00e4t | Orgentis Chemicals GmbH","isPartOf":{"@id":"https:\/\/orgentis.com\/de#website"},"datePublished":"2024-04-05T14:29:26+00:00","dateModified":"2025-05-08T06:34:00+00:00","description":"Qualit\u00e4t hat bei der Orgentis Chemicals GmbH oberste Priorit\u00e4t. Seit 2019 sind wir nach DIN ISO 9001:2015 zertifiziert. Ihre Anspr\u00fcche sind unser Ma\u00dfstab.","breadcrumb":{"@id":"https:\/\/orgentis.com\/de\/qualitaet-2#breadcrumb"},"inLanguage":"de","potentialAction":[{"@type":"ReadAction","target":["https:\/\/orgentis.com\/de\/qualitaet-2"]}]},{"@type":"BreadcrumbList","@id":"https:\/\/orgentis.com\/de\/qualitaet-2#breadcrumb","itemListElement":[{"@type":"ListItem","position":1,"name":"Home","item":"https:\/\/orgentis.com\/de\/startseite"},{"@type":"ListItem","position":2,"name":"Qualit\u00e4t"}]},{"@type":"WebSite","@id":"https:\/\/orgentis.com\/de#website","url":"https:\/\/orgentis.com\/de","name":"Orgentis Website","description":"","publisher":{"@id":"https:\/\/orgentis.com\/de#organization"},"potentialAction":[{"@type":"SearchAction","target":{"@type":"EntryPoint","urlTemplate":"https:\/\/orgentis.com\/de?s={search_term_string}"},"query-input":"required name=search_term_string"}],"inLanguage":"de"},{"@type":"Organization","@id":"https:\/\/orgentis.com\/de#organization","name":"Orgentis Chemicals GmbH","url":"https:\/\/orgentis.com\/de","logo":{"@type":"ImageObject","inLanguage":"de","@id":"https:\/\/orgentis.com\/de#\/schema\/logo\/image\/","url":"https:\/\/orgentis.com\/wp-content\/uploads\/2024\/02\/Orgentis-Logo.png","contentUrl":"https:\/\/orgentis.com\/wp-content\/uploads\/2024\/02\/Orgentis-Logo.png","width":4067,"height":1163,"caption":"Orgentis Chemicals GmbH"},"image":{"@id":"https:\/\/orgentis.com\/de#\/schema\/logo\/image\/"}}]}},"_links":{"self":[{"href":"https:\/\/orgentis.com\/de\/wp-json\/wp\/v2\/pages\/1359","targetHints":{"allow":["GET"]}}],"collection":[{"href":"https:\/\/orgentis.com\/de\/wp-json\/wp\/v2\/pages"}],"about":[{"href":"https:\/\/orgentis.com\/de\/wp-json\/wp\/v2\/types\/page"}],"author":[{"embeddable":true,"href":"https:\/\/orgentis.com\/de\/wp-json\/wp\/v2\/users\/1"}],"replies":[{"embeddable":true,"href":"https:\/\/orgentis.com\/de\/wp-json\/wp\/v2\/comments?post=1359"}],"version-history":[{"count":63,"href":"https:\/\/orgentis.com\/de\/wp-json\/wp\/v2\/pages\/1359\/revisions"}],"predecessor-version":[{"id":2980,"href":"https:\/\/orgentis.com\/de\/wp-json\/wp\/v2\/pages\/1359\/revisions\/2980"}],"wp:attachment":[{"href":"https:\/\/orgentis.com\/de\/wp-json\/wp\/v2\/media?parent=1359"}],"curies":[{"name":"wp","href":"https:\/\/api.w.org\/{rel}","templated":true}]}}