{"id":1316,"date":"2024-02-06T09:34:29","date_gmt":"2024-02-06T09:34:29","guid":{"rendered":"https:\/\/orgentis.com\/bedingungen-und-konditionen"},"modified":"2024-08-06T10:28:21","modified_gmt":"2024-08-06T10:28:21","slug":"terms-and-conditions","status":"publish","type":"page","link":"https:\/\/orgentis.com\/de\/terms-and-conditions","title":{"rendered":"GT&amp;C"},"content":{"rendered":"<div class=\"fusion-fullwidth fullwidth-box fusion-builder-row-1 fusion-flex-container has-pattern-background has-mask-background hundred-percent-fullwidth non-hundred-percent-height-scrolling\" style=\"--awb-border-radius-top-left:0px;--awb-border-radius-top-right:0px;--awb-border-radius-bottom-right:0px;--awb-border-radius-bottom-left:0px;--awb-padding-right:0.75rem;--awb-padding-left:0.75rem;--awb-margin-bottom:200px;--awb-flex-wrap:wrap;\" id=\"terms-conditions-container\" ><div class=\"fusion-builder-row fusion-row fusion-flex-align-items-flex-start fusion-flex-content-wrap\" style=\"width:104% !important;max-width:104% !important;margin-left: calc(-4% \/ 2 );margin-right: calc(-4% \/ 2 );\"><div class=\"fusion-layout-column fusion_builder_column fusion-builder-column-0 fusion_builder_column_1_1 1_1 fusion-flex-column\" style=\"--awb-bg-size:cover;--awb-width-large:100%;--awb-margin-top-large:140px;--awb-spacing-right-large:1.92%;--awb-margin-bottom-large:20px;--awb-spacing-left-large:1.92%;--awb-width-medium:100%;--awb-order-medium:0;--awb-spacing-right-medium:1.92%;--awb-spacing-left-medium:1.92%;--awb-width-small:100%;--awb-order-small:0;--awb-spacing-right-small:1.92%;--awb-margin-bottom-small:0px;--awb-spacing-left-small:1.92%;\"><div class=\"fusion-column-wrapper fusion-column-has-shadow fusion-flex-justify-content-flex-start fusion-content-layout-column\"><div class=\"fusion-text fusion-text-1 responsive--headline--desktop responsive--headline--mobile\" style=\"--awb-font-size:60px;--awb-text-color:var(--awb-color3);--awb-text-font-family:&quot;HelsinkiWeb-Thin&quot;;--awb-text-font-style:normal;--awb-text-font-weight:400;\"><h1>GT&amp;C<\/h1>\n<\/div><\/div><\/div><div class=\"fusion-layout-column fusion_builder_column fusion-builder-column-1 fusion_builder_column_1_1 1_1 fusion-flex-column\" style=\"--awb-bg-size:cover;--awb-width-large:100%;--awb-margin-top-large:50px;--awb-spacing-right-large:1.92%;--awb-margin-bottom-large:20px;--awb-spacing-left-large:1.92%;--awb-width-medium:100%;--awb-order-medium:0;--awb-spacing-right-medium:1.92%;--awb-spacing-left-medium:1.92%;--awb-width-small:100%;--awb-order-small:0;--awb-margin-top-small:30px;--awb-spacing-right-small:1.92%;--awb-spacing-left-small:1.92%;\" id=\"terms-conditions-body-container\"><div class=\"fusion-column-wrapper fusion-column-has-shadow fusion-flex-justify-content-flex-start fusion-content-layout-column\"><div class=\"fusion-text fusion-text-2 fusion-text-no-margin border--all\" style=\"--awb-font-size:18px;--awb-line-height:1.4;--awb-text-color:var(--awb-color4);--awb-text-font-family:&quot;HelsinkiWeb-Extralight&quot;;--awb-text-font-style:normal;--awb-text-font-weight:400;\"><p>BITTE BEACHTEN SIE, DASS DIESE ENGLISCHE \u00dcBERSETZUNG NUR ZU IHRER INFORMATION DIENT. DAS RECHTSVERBINDLICHE DOKUMENT IST DIE DEUTSCHE VERSION DER ALLGEMEINEN GESCH\u00c4FTSBEDINGUNGEN. FINDEN SIE UNTEN BEIDE VERSIONEN.<\/p>\n<\/div><div class=\"fusion-text fusion-text-3\" style=\"--awb-font-size:18px;--awb-line-height:1.4;--awb-text-color:var(--awb-color7);--awb-text-font-family:&quot;HelsinkiWeb-Extralight&quot;;--awb-text-font-style:normal;--awb-text-font-weight:400;\"><p>ALLGEMEINE GESCH\u00c4FTSBEDINGUNGEN DER ORGENTIS CHEMICALS GMBH<br \/>  Zuletzt \u00fcberarbeitet: Juli 2008<\/p>\n<p>\u00a7 1 &#8211; Anwendungsbereich<\/p>\n<p>Diese Allgemeinen Gesch\u00e4ftsbedingungen gelten f\u00fcr alle T\u00e4tigkeiten der Orgentis Chemicals GmbH (Orgentis Chemicals) im Gesch\u00e4ftsverkehr mit Kaufleuten und Unternehmen im Sinne des \u00a7 14 BGB.<\/p>\n<p>\u00a7 2 &#8211; Vertragsabschluss<\/p>\n<p>Unsere Angebote sind unverbindlich, es sei denn, sie werden ausdr\u00fccklich als verbindlich best\u00e4tigt.<\/p>\n<p>\u00a7 3 &#8211; Eigentumsvorbehalt<\/p>\n<p>Bis zur vollst\u00e4ndigen Begleichung aller Rechnungen bleiben die gelieferten Waren unser Eigentum.<\/p>\n<p>\u00a7 4 &#8211; Preise<\/p>\n<p>Alle Preise sind in Euro (\u20ac) angegeben und verstehen sich zuz\u00fcglich Mehrwertsteuer und\/oder Steuern, Postgeb\u00fchren und Verpackung.<\/p>\n<p>\u00a7 5 &#8211; Haftungsbeschr\u00e4nkung<\/p>\n<p>Orgenis Chemicals haftet f\u00fcr direkte oder indirekte Sch\u00e4den, einschlie\u00dflich entgangenen Gewinns und vergeblicher Aufwendungen, nur bei Vorsatz oder grober Fahrl\u00e4ssigkeit. Dies gilt nicht im Falle der Verletzung wesentlicher Pflichten, wenn dadurch der Vertragszweck gef\u00e4hrdet wird. Unter der Voraussetzung, dass der Schaden nicht vors\u00e4tzlich verursacht wurde, haftet Orgentis Chemicals nur f\u00fcr vorhersehbare Sch\u00e4den.<\/p>\n<p>Die Haftung f\u00fcr Personensch\u00e4den und die Haftung nach deutschem Recht f\u00fcr Produkthaftung bleiben unber\u00fchrt.<\/p>\n<p>\u00a7 6 &#8211; Schlussbestimmungen<\/p>\n<p>F\u00fcr alle Rechtsbeziehungen gilt ausschlie\u00dflich das Recht der Bundesrepublik Deutschland. Magdeburg, Deutschland, ist ausschlie\u00dflicher Gerichtsstand f\u00fcr alle Streitigkeiten. <\/p>\n<\/div><\/div><\/div><\/div><\/div>\n","protected":false},"excerpt":{"rendered":"","protected":false},"author":1,"featured_media":0,"parent":0,"menu_order":0,"comment_status":"closed","ping_status":"closed","template":"100-width.php","meta":{"footnotes":""},"class_list":["post-1316","page","type-page","status-publish","hentry"],"yoast_head":"<!-- This site is optimized with the Yoast SEO plugin v23.0 - https:\/\/yoast.com\/wordpress\/plugins\/seo\/ -->\n<title>Allgemeine Gesch\u00e4ftsbedingungen | Orgentis Chemicals GmbH<\/title>\n<meta name=\"description\" content=\"Nachstehend finden Sie die allgemeinen Gesch\u00e4ftsbedingungen der Orgentis Chemicals GmbH.\" \/>\n<meta name=\"robots\" content=\"index, follow, max-snippet:-1, max-image-preview:large, max-video-preview:-1\" \/>\n<link rel=\"canonical\" href=\"https:\/\/orgentis.com\/de\/terms-and-conditions\" \/>\n<meta property=\"og:locale\" content=\"de_DE\" \/>\n<meta property=\"og:type\" content=\"article\" \/>\n<meta property=\"og:title\" content=\"Allgemeine Gesch\u00e4ftsbedingungen | Orgentis Chemicals GmbH\" \/>\n<meta property=\"og:description\" content=\"Nachstehend finden Sie die allgemeinen Gesch\u00e4ftsbedingungen der Orgentis Chemicals GmbH.\" \/>\n<meta property=\"og:url\" content=\"https:\/\/orgentis.com\/de\/terms-and-conditions\" \/>\n<meta property=\"og:site_name\" content=\"Orgentis Website\" \/>\n<meta property=\"article:modified_time\" content=\"2024-08-06T10:28:21+00:00\" \/>\n<meta name=\"twitter:card\" content=\"summary_large_image\" \/>\n<meta name=\"twitter:label1\" content=\"Gesch\u00e4tzte Lesezeit\" \/>\n\t<meta name=\"twitter:data1\" content=\"1\u00a0Minute\" \/>\n<script type=\"application\/ld+json\" class=\"yoast-schema-graph\">{\"@context\":\"https:\/\/schema.org\",\"@graph\":[{\"@type\":\"WebPage\",\"@id\":\"https:\/\/orgentis.com\/de\/terms-and-conditions\",\"url\":\"https:\/\/orgentis.com\/de\/terms-and-conditions\",\"name\":\"Allgemeine Gesch\u00e4ftsbedingungen | Orgentis Chemicals GmbH\",\"isPartOf\":{\"@id\":\"https:\/\/orgentis.com\/de#website\"},\"datePublished\":\"2024-02-06T09:34:29+00:00\",\"dateModified\":\"2024-08-06T10:28:21+00:00\",\"description\":\"Nachstehend finden Sie die allgemeinen Gesch\u00e4ftsbedingungen der Orgentis Chemicals GmbH.\",\"breadcrumb\":{\"@id\":\"https:\/\/orgentis.com\/de\/terms-and-conditions#breadcrumb\"},\"inLanguage\":\"de\",\"potentialAction\":[{\"@type\":\"ReadAction\",\"target\":[\"https:\/\/orgentis.com\/de\/terms-and-conditions\"]}]},{\"@type\":\"BreadcrumbList\",\"@id\":\"https:\/\/orgentis.com\/de\/terms-and-conditions#breadcrumb\",\"itemListElement\":[{\"@type\":\"ListItem\",\"position\":1,\"name\":\"Home\",\"item\":\"https:\/\/orgentis.com\/de\/startseite\"},{\"@type\":\"ListItem\",\"position\":2,\"name\":\"GT&amp;C\"}]},{\"@type\":\"WebSite\",\"@id\":\"https:\/\/orgentis.com\/de#website\",\"url\":\"https:\/\/orgentis.com\/de\",\"name\":\"Orgentis Website\",\"description\":\"\",\"publisher\":{\"@id\":\"https:\/\/orgentis.com\/de#organization\"},\"potentialAction\":[{\"@type\":\"SearchAction\",\"target\":{\"@type\":\"EntryPoint\",\"urlTemplate\":\"https:\/\/orgentis.com\/de?s={search_term_string}\"},\"query-input\":\"required name=search_term_string\"}],\"inLanguage\":\"de\"},{\"@type\":\"Organization\",\"@id\":\"https:\/\/orgentis.com\/de#organization\",\"name\":\"Orgentis Chemicals GmbH\",\"url\":\"https:\/\/orgentis.com\/de\",\"logo\":{\"@type\":\"ImageObject\",\"inLanguage\":\"de\",\"@id\":\"https:\/\/orgentis.com\/de#\/schema\/logo\/image\/\",\"url\":\"https:\/\/orgentis.com\/wp-content\/uploads\/2024\/02\/Orgentis-Logo.png\",\"contentUrl\":\"https:\/\/orgentis.com\/wp-content\/uploads\/2024\/02\/Orgentis-Logo.png\",\"width\":4067,\"height\":1163,\"caption\":\"Orgentis Chemicals GmbH\"},\"image\":{\"@id\":\"https:\/\/orgentis.com\/de#\/schema\/logo\/image\/\"}}]}<\/script>\n<!-- \/ Yoast SEO plugin. -->","yoast_head_json":{"title":"Allgemeine Gesch\u00e4ftsbedingungen | Orgentis Chemicals GmbH","description":"Nachstehend finden Sie die allgemeinen Gesch\u00e4ftsbedingungen der Orgentis Chemicals GmbH.","robots":{"index":"index","follow":"follow","max-snippet":"max-snippet:-1","max-image-preview":"max-image-preview:large","max-video-preview":"max-video-preview:-1"},"canonical":"https:\/\/orgentis.com\/de\/terms-and-conditions","og_locale":"de_DE","og_type":"article","og_title":"Allgemeine Gesch\u00e4ftsbedingungen | Orgentis Chemicals GmbH","og_description":"Nachstehend finden Sie die allgemeinen Gesch\u00e4ftsbedingungen der Orgentis Chemicals GmbH.","og_url":"https:\/\/orgentis.com\/de\/terms-and-conditions","og_site_name":"Orgentis Website","article_modified_time":"2024-08-06T10:28:21+00:00","twitter_card":"summary_large_image","twitter_misc":{"Gesch\u00e4tzte Lesezeit":"1\u00a0Minute"},"schema":{"@context":"https:\/\/schema.org","@graph":[{"@type":"WebPage","@id":"https:\/\/orgentis.com\/de\/terms-and-conditions","url":"https:\/\/orgentis.com\/de\/terms-and-conditions","name":"Allgemeine Gesch\u00e4ftsbedingungen | Orgentis Chemicals GmbH","isPartOf":{"@id":"https:\/\/orgentis.com\/de#website"},"datePublished":"2024-02-06T09:34:29+00:00","dateModified":"2024-08-06T10:28:21+00:00","description":"Nachstehend finden Sie die allgemeinen Gesch\u00e4ftsbedingungen der Orgentis Chemicals GmbH.","breadcrumb":{"@id":"https:\/\/orgentis.com\/de\/terms-and-conditions#breadcrumb"},"inLanguage":"de","potentialAction":[{"@type":"ReadAction","target":["https:\/\/orgentis.com\/de\/terms-and-conditions"]}]},{"@type":"BreadcrumbList","@id":"https:\/\/orgentis.com\/de\/terms-and-conditions#breadcrumb","itemListElement":[{"@type":"ListItem","position":1,"name":"Home","item":"https:\/\/orgentis.com\/de\/startseite"},{"@type":"ListItem","position":2,"name":"GT&amp;C"}]},{"@type":"WebSite","@id":"https:\/\/orgentis.com\/de#website","url":"https:\/\/orgentis.com\/de","name":"Orgentis Website","description":"","publisher":{"@id":"https:\/\/orgentis.com\/de#organization"},"potentialAction":[{"@type":"SearchAction","target":{"@type":"EntryPoint","urlTemplate":"https:\/\/orgentis.com\/de?s={search_term_string}"},"query-input":"required name=search_term_string"}],"inLanguage":"de"},{"@type":"Organization","@id":"https:\/\/orgentis.com\/de#organization","name":"Orgentis Chemicals GmbH","url":"https:\/\/orgentis.com\/de","logo":{"@type":"ImageObject","inLanguage":"de","@id":"https:\/\/orgentis.com\/de#\/schema\/logo\/image\/","url":"https:\/\/orgentis.com\/wp-content\/uploads\/2024\/02\/Orgentis-Logo.png","contentUrl":"https:\/\/orgentis.com\/wp-content\/uploads\/2024\/02\/Orgentis-Logo.png","width":4067,"height":1163,"caption":"Orgentis Chemicals GmbH"},"image":{"@id":"https:\/\/orgentis.com\/de#\/schema\/logo\/image\/"}}]}},"_links":{"self":[{"href":"https:\/\/orgentis.com\/de\/wp-json\/wp\/v2\/pages\/1316","targetHints":{"allow":["GET"]}}],"collection":[{"href":"https:\/\/orgentis.com\/de\/wp-json\/wp\/v2\/pages"}],"about":[{"href":"https:\/\/orgentis.com\/de\/wp-json\/wp\/v2\/types\/page"}],"author":[{"embeddable":true,"href":"https:\/\/orgentis.com\/de\/wp-json\/wp\/v2\/users\/1"}],"replies":[{"embeddable":true,"href":"https:\/\/orgentis.com\/de\/wp-json\/wp\/v2\/comments?post=1316"}],"version-history":[{"count":17,"href":"https:\/\/orgentis.com\/de\/wp-json\/wp\/v2\/pages\/1316\/revisions"}],"predecessor-version":[{"id":2736,"href":"https:\/\/orgentis.com\/de\/wp-json\/wp\/v2\/pages\/1316\/revisions\/2736"}],"wp:attachment":[{"href":"https:\/\/orgentis.com\/de\/wp-json\/wp\/v2\/media?parent=1316"}],"curies":[{"name":"wp","href":"https:\/\/api.w.org\/{rel}","templated":true}]}}